{"id":15,"date":"2024-12-19T19:02:15","date_gmt":"2024-12-19T18:02:15","guid":{"rendered":"https:\/\/moucheandco.fr\/?page_id=15"},"modified":"2025-02-24T18:52:12","modified_gmt":"2025-02-24T17:52:12","slug":"accueil","status":"publish","type":"page","link":"https:\/\/moucheandco.fr\/","title":{"rendered":"Accueil"},"content":{"rendered":"<h2 class=\"wp-block-heading has-text-align-center has-black-color has-text-color has-link-color has-medium-font-size wp-elements-2edda4730f253582f59b4025a644662d\">Bienvenue dans le bazar cr\u00e9atif de Mouche and Co !<\/h2><p><\/p><div class=\"n2-section-smartslider fitvidsignore  n2_clear\" data-ssid=\"3\"><div id=\"n2-ss-3-align\" class=\"n2-ss-align\"><div class=\"n2-padding\"><div id=\"n2-ss-3\" data-creator=\"Smart Slider 3\" data-responsive=\"auto\" class=\"n2-ss-slider n2-ow n2-has-hover n2notransition  \"><div class=\"n2-ss-slider-wrapper-inside\">\n        <div class=\"n2-ss-slider-1 n2_ss__touch_element n2-ow\">\n            <div class=\"n2-ss-slider-2 n2-ow\">\n                                                    <div class=\"n2-ss-background-animation n2-ow\"><\/div>\n                                <div class=\"n2-ss-slider-3 n2-ow\">\n\n                    <div class=\"n2-ss-slide-backgrounds n2-ow-all\"><div class=\"n2-ss-slide-background\" data-public-id=\"1\" data-mode=\"fill\"><div class=\"n2-ss-slide-background-image\" data-blur=\"0\" data-opacity=\"100\" data-x=\"56\" data-y=\"85\" data-alt=\"\" data-title=\"\" style=\"--ss-o-pos-x:56%;--ss-o-pos-y:85%\"><picture class=\"skip-lazy jetpack-lazy-image\" data-skip-lazy=\"1\"><img decoding=\"async\" src=\"\/\/moucheandco.fr\/wp-content\/uploads\/2025\/01\/420114442_835103538629349_4304992304659898462_n.jpg\" alt=\"\" title=\"\" loading=\"lazy\" class=\"skip-lazy jetpack-lazy-image\" data-skip-lazy=\"1\"><\/picture><\/div><div data-color=\"RGBA(255,255,255,0)\" style=\"background-color: RGBA(255,255,255,0);\" class=\"n2-ss-slide-background-color\"><\/div><\/div><div class=\"n2-ss-slide-background\" data-public-id=\"2\" data-mode=\"fill\"><div class=\"n2-ss-slide-background-image\" data-blur=\"0\" data-opacity=\"100\" data-x=\"30\" data-y=\"42\" data-alt=\"\" data-title=\"\" style=\"--ss-o-pos-x:30%;--ss-o-pos-y:42%\"><picture class=\"skip-lazy jetpack-lazy-image\" data-skip-lazy=\"1\"><img decoding=\"async\" src=\"\/\/moucheandco.fr\/wp-content\/uploads\/2025\/01\/296903538_5611136282271526_550970399589515720_n.jpg\" alt=\"\" title=\"\" loading=\"lazy\" class=\"skip-lazy jetpack-lazy-image\" data-skip-lazy=\"1\"><\/picture><\/div><div data-color=\"RGBA(255,255,255,0)\" style=\"background-color: RGBA(255,255,255,0);\" class=\"n2-ss-slide-background-color\"><\/div><\/div><div class=\"n2-ss-slide-background\" data-public-id=\"3\" data-mode=\"fill\"><div class=\"n2-ss-slide-background-image\" data-blur=\"0\" data-opacity=\"100\" data-x=\"50\" data-y=\"69\" data-alt=\"\" data-title=\"\" style=\"--ss-o-pos-y:69%\"><picture class=\"skip-lazy jetpack-lazy-image\" data-skip-lazy=\"1\"><img decoding=\"async\" src=\"\/\/moucheandco.fr\/wp-content\/uploads\/2025\/01\/431180357_873495951456774_1986244002707903879_n.jpg\" alt=\"\" title=\"\" loading=\"lazy\" class=\"skip-lazy jetpack-lazy-image\" data-skip-lazy=\"1\"><\/picture><\/div><div data-color=\"RGBA(255,255,255,0)\" style=\"background-color: RGBA(255,255,255,0);\" class=\"n2-ss-slide-background-color\"><\/div><\/div><div class=\"n2-ss-slide-background\" data-public-id=\"4\" data-mode=\"fill\"><div class=\"n2-ss-slide-background-image\" data-blur=\"0\" data-opacity=\"100\" data-x=\"42\" data-y=\"68\" data-alt=\"\" data-title=\"\" style=\"--ss-o-pos-x:42%;--ss-o-pos-y:68%\"><picture class=\"skip-lazy jetpack-lazy-image\" data-skip-lazy=\"1\"><img decoding=\"async\" src=\"\/\/moucheandco.fr\/wp-content\/uploads\/2025\/01\/IMG_20230606_111927-scaled.jpg\" alt=\"\" title=\"\" loading=\"lazy\" class=\"skip-lazy jetpack-lazy-image\" data-skip-lazy=\"1\"><\/picture><\/div><div data-color=\"RGBA(255,255,255,0)\" style=\"background-color: RGBA(255,255,255,0);\" class=\"n2-ss-slide-background-color\"><\/div><\/div><\/div>                    <div class=\"n2-ss-slider-4 n2-ow\">\n                        <svg xmlns=\"http:\/\/www.w3.org\/2000\/svg\" viewBox=\"0 0 1200 400\" data-related-device=\"desktopPortrait\" class=\"n2-ow n2-ss-preserve-size n2-ss-preserve-size--slider n2-ss-slide-limiter\"><\/svg><div data-first=\"1\" data-slide-duration=\"0\" data-id=\"9\" data-slide-public-id=\"1\" data-title=\"20210228_0946012-scaled\" data-haslink=\"1\" data-href=\"https:\/\/moucheandco.fr\/index.php\/produit\/bracelets-coquins\/\" tabindex=\"0\" role=\"button\" data-target=\"_blank\" data-n2click=\"url\" data-force-pointer=\"\" class=\"n2-ss-slide n2-ow  n2-ss-slide-9\"><div role=\"note\" class=\"n2-ss-slide--focus\">20210228_0946012-scaled<\/div><div class=\"n2-ss-layers-container n2-ss-slide-limiter n2-ow\"><div class=\"n2-ss-layer n2-ow n-uc-3S7O6TAIWogQ\" data-sstype=\"slide\" data-pm=\"default\"><\/div><\/div><\/div><div data-slide-duration=\"0\" data-id=\"11\" data-slide-public-id=\"2\" data-title=\"IMG_20230606_111927\" data-haslink=\"1\" data-href=\"https:\/\/moucheandco.fr\/index.php\/produit\/pochette-brosses-a-dents\/\" tabindex=\"0\" role=\"button\" data-target=\"_blank\" data-n2click=\"url\" data-force-pointer=\"\" class=\"n2-ss-slide n2-ow  n2-ss-slide-11\"><div role=\"note\" class=\"n2-ss-slide--focus\">IMG_20230606_111927<\/div><div class=\"n2-ss-layers-container n2-ss-slide-limiter n2-ow\"><div class=\"n2-ss-layer n2-ow n-uc-N3c4hCKOhUap\" data-sstype=\"slide\" data-pm=\"default\"><\/div><\/div><\/div><div data-slide-duration=\"0\" data-id=\"8\" data-slide-public-id=\"3\" data-title=\"20211014_110530\" data-haslink=\"1\" data-href=\"https:\/\/moucheandco.fr\/index.php\/produit\/barrettes\/\" tabindex=\"0\" role=\"button\" data-target=\"_blank\" data-n2click=\"url\" data-force-pointer=\"\" class=\"n2-ss-slide n2-ow  n2-ss-slide-8\"><div role=\"note\" class=\"n2-ss-slide--focus\">20211014_110530<\/div><div class=\"n2-ss-layers-container n2-ss-slide-limiter n2-ow\"><div class=\"n2-ss-layer n2-ow n-uc-MK71gfgagDB4\" data-sstype=\"slide\" data-pm=\"default\"><\/div><\/div><\/div><div data-slide-duration=\"0\" data-id=\"14\" data-slide-public-id=\"4\" data-title=\"IMG_20230606_111927\" data-haslink=\"1\" data-href=\"https:\/\/moucheandco.fr\/index.php\/produit\/eventail\/\" tabindex=\"0\" role=\"button\" data-target=\"_blank\" data-n2click=\"url\" data-force-pointer=\"\" class=\"n2-ss-slide n2-ow  n2-ss-slide-14\"><div role=\"note\" class=\"n2-ss-slide--focus\">IMG_20230606_111927<\/div><div class=\"n2-ss-layers-container n2-ss-slide-limiter n2-ow\"><div class=\"n2-ss-layer n2-ow n-uc-ftR9SnzF59o3\" data-sstype=\"slide\" data-pm=\"default\"><\/div><\/div><\/div>                    <\/div>\n\n                                    <\/div>\n            <\/div>\n        <\/div>\n        <div class=\"n2-ss-slider-controls n2-ss-slider-controls-absolute-left-center\"><div style=\"--widget-offset:15px;\" class=\"n2-ss-widget nextend-arrow n2-ow-all nextend-arrow-previous  nextend-arrow-animated-fade\" data-hide-mobileportrait=\"1\" id=\"n2-ss-3-arrow-previous\" role=\"button\" aria-label=\"previous arrow\" tabindex=\"0\"><img loading=\"lazy\" decoding=\"async\" width=\"32\" height=\"32\" class=\"skip-lazy jetpack-lazy-image\" data-skip-lazy=\"1\" src=\"data:image\/svg+xml;base64,PHN2ZyB3aWR0aD0iMzIiIGhlaWdodD0iMzIiIHZpZXdCb3g9IjAgMCAzMiAzMiIgeG1sbnM9Imh0dHA6Ly93d3cudzMub3JnLzIwMDAvc3ZnIj4KICAgIDxwYXRoIGQ9Ik0xMS40MzMgMTUuOTkyTDIyLjY5IDUuNzEyYy4zOTMtLjM5LjM5My0xLjAzIDAtMS40Mi0uMzkzLS4zOS0xLjAzLS4zOS0xLjQyMyAwbC0xMS45OCAxMC45NGMtLjIxLjIxLS4zLjQ5LS4yODUuNzYtLjAxNS4yOC4wNzUuNTYuMjg0Ljc3bDExLjk4IDEwLjk0Yy4zOTMuMzkgMS4wMy4zOSAxLjQyNCAwIC4zOTMtLjQuMzkzLTEuMDMgMC0xLjQybC0xMS4yNTctMTAuMjkiCiAgICAgICAgICBmaWxsPSIjZmZmZmZmIiBvcGFjaXR5PSIwLjgiIGZpbGwtcnVsZT0iZXZlbm9kZCIvPgo8L3N2Zz4=\" alt=\"previous arrow\"><\/div><\/div><div class=\"n2-ss-slider-controls n2-ss-slider-controls-absolute-right-center\"><div style=\"--widget-offset:15px;\" class=\"n2-ss-widget nextend-arrow n2-ow-all nextend-arrow-next  nextend-arrow-animated-fade\" data-hide-mobileportrait=\"1\" id=\"n2-ss-3-arrow-next\" role=\"button\" aria-label=\"next arrow\" tabindex=\"0\"><img loading=\"lazy\" decoding=\"async\" width=\"32\" height=\"32\" class=\"skip-lazy jetpack-lazy-image\" data-skip-lazy=\"1\" src=\"data:image\/svg+xml;base64,PHN2ZyB3aWR0aD0iMzIiIGhlaWdodD0iMzIiIHZpZXdCb3g9IjAgMCAzMiAzMiIgeG1sbnM9Imh0dHA6Ly93d3cudzMub3JnLzIwMDAvc3ZnIj4KICAgIDxwYXRoIGQ9Ik0xMC43MjIgNC4yOTNjLS4zOTQtLjM5LTEuMDMyLS4zOS0xLjQyNyAwLS4zOTMuMzktLjM5MyAxLjAzIDAgMS40MmwxMS4yODMgMTAuMjgtMTEuMjgzIDEwLjI5Yy0uMzkzLjM5LS4zOTMgMS4wMiAwIDEuNDIuMzk1LjM5IDEuMDMzLjM5IDEuNDI3IDBsMTIuMDA3LTEwLjk0Yy4yMS0uMjEuMy0uNDkuMjg0LS43Ny4wMTQtLjI3LS4wNzYtLjU1LS4yODYtLjc2TDEwLjcyIDQuMjkzeiIKICAgICAgICAgIGZpbGw9IiNmZmZmZmYiIG9wYWNpdHk9IjAuOCIgZmlsbC1ydWxlPSJldmVub2RkIi8+Cjwvc3ZnPg==\" alt=\"next arrow\"><\/div><\/div><\/div><\/div><ss3-loader><\/ss3-loader><\/div><\/div><div class=\"n2_clear\"><\/div><\/div><p class=\"has-text-align-center\">Ici, c&rsquo;est moi, Juliette dans mon atelier, avec mon imagination un peu fofolle, mes doigts agit\u00e9s et un go\u00fbt certain pour le d\u00e9cal\u00e9. Si tu cherches des cr\u00e9ations qui sortent du lot, qui m\u00e9langent fun, l\u00e9g\u00e8ret\u00e9 et (un tout petit peu) d&rsquo;insolence, alors installe-toi, tu es au bon endroit.<\/p><p class=\"has-text-align-center\">Chez Mouche and Co, je transforme des id\u00e9es en objets uniques : des bracelets coquins qui osent tout dire, des lingettes r\u00e9utilisables qui mettent le jetable KO, et d&rsquo;autres petites merveilles pour pimenter ton quotidien. Mon univers, c&rsquo;est un joyeux m\u00e9lange de couleurs, d&rsquo;humour et de \u00ab\u00a0tiens, c&rsquo;est malin \u00e7a !\u00a0\u00bb<\/p><p class=\"has-text-align-center\">Chaque pi\u00e8ce est faite avec amour (et un peu de caf\u00e9ine), parce que je crois fermement qu&rsquo;un objet peut \u00eatre \u00e0 la fois pratique et fun. Alors, explore, rigole, et pourquoi pas craque un peu ? Promis, tout est fabriqu\u00e9 avec mon grain de folie et une bonne dose de sinc\u00e9rit\u00e9.<\/p><p class=\"has-text-align-center\"><strong>PS : Oui, j&rsquo;ai tendance \u00e0 parler beaucoup de mes cr\u00e9ations, mais que veux-tu, elles sont aussi bavardes que moi !<\/strong><\/p><div data-wc-navigation-id=\"wc-product-collection-2\" data-wc-context=\"{&quot;accessibilityLoadingMessage&quot;:&quot;Chargement de la page en cours. Veuillez patienter.&quot;,&quot;accessibilityLoadedMessage&quot;:&quot;Page charg\\u00e9e.&quot;,&quot;isPrefetchNextOrPreviousLink&quot;:false}\" data-wc-init=\"callbacks.onRender\" data-wc-interactive=\"{&quot;namespace&quot;:&quot;woocommerce\\\/product-collection&quot;}\" data-__private-preview-state=\"{&quot;isPreview&quot;:false,&quot;previewMessage&quot;:&quot;Les produits d\\u00e9pendront de la page consult\\u00e9e.&quot;}\" data-block-name=\"woocommerce\/product-collection\" data-dimensions=\"{&quot;widthType&quot;:&quot;fill&quot;}\" data-display-layout=\"{&quot;type&quot;:&quot;flex&quot;,&quot;columns&quot;:3,&quot;shrinkColumns&quot;:true}\" data-metadata=\"{&quot;categories&quot;:[&quot;woo-commerce&quot;],&quot;patternName&quot;:&quot;product-collection-full-grid&quot;,&quot;name&quot;:&quot;Product Collection Full Grid&quot;}\" data-query-context-includes=\"[&quot;collection&quot;]\" data-query-id=\"2\" data-query=\"{&quot;perPage&quot;:3,&quot;pages&quot;:0,&quot;offset&quot;:0,&quot;postType&quot;:&quot;product&quot;,&quot;order&quot;:&quot;asc&quot;,&quot;orderBy&quot;:&quot;title&quot;,&quot;search&quot;:&quot;&quot;,&quot;exclude&quot;:[],&quot;inherit&quot;:false,&quot;taxQuery&quot;:[],&quot;isProductCollectionBlock&quot;:true,&quot;woocommerceOnSale&quot;:false,&quot;woocommerceStockStatus&quot;:[&quot;instock&quot;,&quot;outofstock&quot;,&quot;onbackorder&quot;],&quot;woocommerceAttributes&quot;:[],&quot;woocommerceHandPickedProducts&quot;:[]}\" data-tag-name=\"div\" class=\"wp-block-woocommerce-product-collection is-layout-flow wp-block-woocommerce-product-collection-is-layout-flow\"><ul class=\"wc-block-product-template__responsive columns-3 wc-block-product-template wp-block-woocommerce-product-template\"><li class=\"wc-block-product post-671 product type-product status-publish has-post-thumbnail product_cat-mode-et-accessoires first instock shipping-taxable purchasable product-type-variable\"\n\t\t\t\t\t\n\t\t\t\tdata-wc-interactive='{\"namespace\":\"woocommerce\\\/product-collection\"}'\n\t\t\t\tdata-wc-context='{\"productId\":671}'\n\t\t\t\tdata-wc-key=\"product-item-671\"\n\t\t\t\n\t\t\t\t>\n\t\t\t\t\t<div data-block-name=\"woocommerce\/product-image\" data-image-sizing=\"thumbnail\" data-is-descendent-of-query-loop=\"true\" class=\"wc-block-components-product-image wc-block-grid__product-image wp-block-woocommerce-product-image\">\n\t\t\t\t\t<a href=\"https:\/\/moucheandco.fr\/index.php\/produit\/bagues-carrees\/\" style=\"\" data-wc-on--click=\"woocommerce\/product-collection::actions.viewProduct\"> <img loading=\"lazy\" decoding=\"async\" width=\"300\" height=\"300\" src=\"https:\/\/moucheandco.fr\/wp-content\/uploads\/2025\/01\/51-300x300.png\" class=\"attachment-woocommerce_thumbnail size-woocommerce_thumbnail\" alt=\"Bagues carr\u00e9es\" data-testid=\"product-image\" style=\"max-width:none;object-fit:cover;\" title=\"51\" srcset=\"https:\/\/moucheandco.fr\/wp-content\/uploads\/2025\/01\/51-300x300.png 300w, https:\/\/moucheandco.fr\/wp-content\/uploads\/2025\/01\/51-100x100.png 100w, https:\/\/moucheandco.fr\/wp-content\/uploads\/2025\/01\/51-600x600.png 600w, https:\/\/moucheandco.fr\/wp-content\/uploads\/2025\/01\/51-1024x1024.png 1024w, https:\/\/moucheandco.fr\/wp-content\/uploads\/2025\/01\/51-150x150.png 150w, https:\/\/moucheandco.fr\/wp-content\/uploads\/2025\/01\/51-768x768.png 768w, https:\/\/moucheandco.fr\/wp-content\/uploads\/2025\/01\/51-860x860.png 860w, https:\/\/moucheandco.fr\/wp-content\/uploads\/2025\/01\/51-50x50.png 50w, https:\/\/moucheandco.fr\/wp-content\/uploads\/2025\/01\/51.png 1200w\" sizes=\"auto, (max-width: 300px) 100vw, 300px\" \/><\/a>\n\t\t\t\t<\/div>\n\n<div data-block-name=\"woocommerce\/product-price\" data-font-size=\"medium\" data-is-descendent-of-query-loop=\"true\" data-style=\"{&quot;typography&quot;:{&quot;fontStyle&quot;:&quot;normal&quot;,&quot;fontWeight&quot;:&quot;600&quot;,&quot;lineHeight&quot;:&quot;1&quot;}}\" data-text-align=\"left\" class=\"wp-block-woocommerce-product-price\"><div class=\"wc-block-components-product-price wc-block-grid__product-price has-text-align-left has-font-size has-medium-font-size has-text-align-left\" style=\"font-style: normal; font-weight: 600; line-height: 1;\">\n\t\t\t\t\t<span class=\"woocommerce-Price-amount amount\"><bdi>14,00&nbsp;<span class=\"woocommerce-Price-currencySymbol\">&euro;<\/span><\/bdi><\/span>\n\t\t\t\t<\/div><\/div>\n\n<h3 style=\"line-height:1; margin-bottom:0.75rem;margin-top:0;\" class=\"has-text-align-left wp-block-post-title has-small-font-size\"><a data-wc-on--click=\"woocommerce\/product-collection::actions.viewProduct\" href=\"https:\/\/moucheandco.fr\/index.php\/produit\/bagues-carrees\/\" target=\"_self\" >Bagues carr\u00e9es<\/a><\/h3>\n\n<div data-block-name=\"woocommerce\/product-button\" data-is-descendent-of-query-loop=\"true\" data-style=\"{&quot;typography&quot;:{&quot;fontSize&quot;:&quot;0.8rem&quot;}}\" data-text-align=\"left\" data-width=\"50\" style=\"font-size:0.8rem;\" class=\"wp-block-button wc-block-components-product-button  has-custom-width wp-block-button__width-50 align-left wp-block-woocommerce-product-button\"\n\t\t\t\t\t\t\n\t\t\t\t\t>\n\t\t\t\t\t\t<a\n\t\t\t\t\t\t\thref=\"https:\/\/moucheandco.fr\/index.php\/produit\/bagues-carrees\/\"\n\t\t\t\t\t\t\tclass=\"wp-block-button__link wp-element-button wc-block-components-product-button__button add_to_cart_button product_type_variable has-text-align-left wc-interactive\"\n\t\t\t\t\t\t\tstyle=\"font-size: 0.8rem;\"\n\t\t\t\t\t\t\tdata-product_id=\"671\" data-product_sku=\"\" aria-label=\"S\u00e9lectionner les options pour &ldquo;Bagues carr\u00e9es&rdquo;\" rel=\"nofollow\"\n\t\t\t\t\t\t\t\n\t\t\t\tdata-wc-on--click=\"woocommerce\/product-collection::actions.viewProduct\"\n\t\t\t\n\t\t\t\t\t\t>\n\t\t\t\t\t\t<span > Choix des options <\/span>\n\t\t\t\t\t\t<\/a>\n\t\t\t\t\t\t\n\t\t\t\t\t<\/div>\n\t\t\t\t<\/li><li class=\"wc-block-product post-658 product type-product status-publish has-post-thumbnail product_cat-mode-et-accessoires  instock shipping-taxable purchasable product-type-variable\"\n\t\t\t\t\t\n\t\t\t\tdata-wc-interactive='{\"namespace\":\"woocommerce\\\/product-collection\"}'\n\t\t\t\tdata-wc-context='{\"productId\":658}'\n\t\t\t\tdata-wc-key=\"product-item-658\"\n\t\t\t\n\t\t\t\t>\n\t\t\t\t\t<div data-block-name=\"woocommerce\/product-image\" data-image-sizing=\"thumbnail\" data-is-descendent-of-query-loop=\"true\" class=\"wc-block-components-product-image wc-block-grid__product-image wp-block-woocommerce-product-image\">\n\t\t\t\t\t<a href=\"https:\/\/moucheandco.fr\/index.php\/produit\/bagues-rondes\/\" style=\"\" data-wc-on--click=\"woocommerce\/product-collection::actions.viewProduct\"> <img loading=\"lazy\" decoding=\"async\" width=\"300\" height=\"300\" src=\"https:\/\/moucheandco.fr\/wp-content\/uploads\/2025\/01\/47-300x300.png\" class=\"attachment-woocommerce_thumbnail size-woocommerce_thumbnail\" alt=\"Bagues rondes\" data-testid=\"product-image\" style=\"max-width:none;object-fit:cover;\" title=\"47\" srcset=\"https:\/\/moucheandco.fr\/wp-content\/uploads\/2025\/01\/47-300x300.png 300w, https:\/\/moucheandco.fr\/wp-content\/uploads\/2025\/01\/47-100x100.png 100w, https:\/\/moucheandco.fr\/wp-content\/uploads\/2025\/01\/47-600x600.png 600w, https:\/\/moucheandco.fr\/wp-content\/uploads\/2025\/01\/47-1024x1024.png 1024w, https:\/\/moucheandco.fr\/wp-content\/uploads\/2025\/01\/47-150x150.png 150w, https:\/\/moucheandco.fr\/wp-content\/uploads\/2025\/01\/47-768x768.png 768w, https:\/\/moucheandco.fr\/wp-content\/uploads\/2025\/01\/47-860x860.png 860w, https:\/\/moucheandco.fr\/wp-content\/uploads\/2025\/01\/47-50x50.png 50w, https:\/\/moucheandco.fr\/wp-content\/uploads\/2025\/01\/47.png 1200w\" sizes=\"auto, (max-width: 300px) 100vw, 300px\" \/><\/a>\n\t\t\t\t<\/div>\n\n<div data-block-name=\"woocommerce\/product-price\" data-font-size=\"medium\" data-is-descendent-of-query-loop=\"true\" data-style=\"{&quot;typography&quot;:{&quot;fontStyle&quot;:&quot;normal&quot;,&quot;fontWeight&quot;:&quot;600&quot;,&quot;lineHeight&quot;:&quot;1&quot;}}\" data-text-align=\"left\" class=\"wp-block-woocommerce-product-price\"><div class=\"wc-block-components-product-price wc-block-grid__product-price has-text-align-left has-font-size has-medium-font-size has-text-align-left\" style=\"font-style: normal; font-weight: 600; line-height: 1;\">\n\t\t\t\t\t<span class=\"woocommerce-Price-amount amount\"><bdi>14,00&nbsp;<span class=\"woocommerce-Price-currencySymbol\">&euro;<\/span><\/bdi><\/span>\n\t\t\t\t<\/div><\/div>\n\n<h3 style=\"line-height:1; margin-bottom:0.75rem;margin-top:0;\" class=\"has-text-align-left wp-block-post-title has-small-font-size\"><a data-wc-on--click=\"woocommerce\/product-collection::actions.viewProduct\" href=\"https:\/\/moucheandco.fr\/index.php\/produit\/bagues-rondes\/\" target=\"_self\" >Bagues rondes<\/a><\/h3>\n\n<div data-block-name=\"woocommerce\/product-button\" data-is-descendent-of-query-loop=\"true\" data-style=\"{&quot;typography&quot;:{&quot;fontSize&quot;:&quot;0.8rem&quot;}}\" data-text-align=\"left\" data-width=\"50\" style=\"font-size:0.8rem;\" class=\"wp-block-button wc-block-components-product-button  has-custom-width wp-block-button__width-50 align-left wp-block-woocommerce-product-button\"\n\t\t\t\t\t\t\n\t\t\t\t\t>\n\t\t\t\t\t\t<a\n\t\t\t\t\t\t\thref=\"https:\/\/moucheandco.fr\/index.php\/produit\/bagues-rondes\/\"\n\t\t\t\t\t\t\tclass=\"wp-block-button__link wp-element-button wc-block-components-product-button__button add_to_cart_button product_type_variable has-text-align-left wc-interactive\"\n\t\t\t\t\t\t\tstyle=\"font-size: 0.8rem;\"\n\t\t\t\t\t\t\tdata-product_id=\"658\" data-product_sku=\"\" aria-label=\"S\u00e9lectionner les options pour &ldquo;Bagues rondes&rdquo;\" rel=\"nofollow\"\n\t\t\t\t\t\t\t\n\t\t\t\tdata-wc-on--click=\"woocommerce\/product-collection::actions.viewProduct\"\n\t\t\t\n\t\t\t\t\t\t>\n\t\t\t\t\t\t<span > Choix des options <\/span>\n\t\t\t\t\t\t<\/a>\n\t\t\t\t\t\t\n\t\t\t\t\t<\/div>\n\t\t\t\t<\/li><li class=\"wc-block-product post-693 product type-product status-publish has-post-thumbnail product_cat-mode-et-accessoires  instock shipping-taxable purchasable product-type-variable\"\n\t\t\t\t\t\n\t\t\t\tdata-wc-interactive='{\"namespace\":\"woocommerce\\\/product-collection\"}'\n\t\t\t\tdata-wc-context='{\"productId\":693}'\n\t\t\t\tdata-wc-key=\"product-item-693\"\n\t\t\t\n\t\t\t\t>\n\t\t\t\t\t<div data-block-name=\"woocommerce\/product-image\" data-image-sizing=\"thumbnail\" data-is-descendent-of-query-loop=\"true\" class=\"wc-block-components-product-image wc-block-grid__product-image wp-block-woocommerce-product-image\">\n\t\t\t\t\t<a href=\"https:\/\/moucheandco.fr\/index.php\/produit\/barrettes\/\" style=\"\" data-wc-on--click=\"woocommerce\/product-collection::actions.viewProduct\"> <img loading=\"lazy\" decoding=\"async\" width=\"300\" height=\"300\" src=\"https:\/\/moucheandco.fr\/wp-content\/uploads\/2025\/01\/57-300x300.png\" class=\"attachment-woocommerce_thumbnail size-woocommerce_thumbnail\" alt=\"Barrettes\" data-testid=\"product-image\" style=\"max-width:none;object-fit:cover;\" title=\"57\" srcset=\"https:\/\/moucheandco.fr\/wp-content\/uploads\/2025\/01\/57-300x300.png 300w, https:\/\/moucheandco.fr\/wp-content\/uploads\/2025\/01\/57-100x100.png 100w, https:\/\/moucheandco.fr\/wp-content\/uploads\/2025\/01\/57-600x600.png 600w, https:\/\/moucheandco.fr\/wp-content\/uploads\/2025\/01\/57-1024x1024.png 1024w, https:\/\/moucheandco.fr\/wp-content\/uploads\/2025\/01\/57-150x150.png 150w, https:\/\/moucheandco.fr\/wp-content\/uploads\/2025\/01\/57-768x768.png 768w, https:\/\/moucheandco.fr\/wp-content\/uploads\/2025\/01\/57-860x860.png 860w, https:\/\/moucheandco.fr\/wp-content\/uploads\/2025\/01\/57-50x50.png 50w, https:\/\/moucheandco.fr\/wp-content\/uploads\/2025\/01\/57.png 1200w\" sizes=\"auto, (max-width: 300px) 100vw, 300px\" \/><\/a>\n\t\t\t\t<\/div>\n\n<div data-block-name=\"woocommerce\/product-price\" data-font-size=\"medium\" data-is-descendent-of-query-loop=\"true\" data-style=\"{&quot;typography&quot;:{&quot;fontStyle&quot;:&quot;normal&quot;,&quot;fontWeight&quot;:&quot;600&quot;,&quot;lineHeight&quot;:&quot;1&quot;}}\" data-text-align=\"left\" class=\"wp-block-woocommerce-product-price\"><div class=\"wc-block-components-product-price wc-block-grid__product-price has-text-align-left has-font-size has-medium-font-size has-text-align-left\" style=\"font-style: normal; font-weight: 600; line-height: 1;\">\n\t\t\t\t\t<span class=\"woocommerce-Price-amount amount\"><bdi>12,00&nbsp;<span class=\"woocommerce-Price-currencySymbol\">&euro;<\/span><\/bdi><\/span>\n\t\t\t\t<\/div><\/div>\n\n<h3 style=\"line-height:1; margin-bottom:0.75rem;margin-top:0;\" class=\"has-text-align-left wp-block-post-title has-small-font-size\"><a data-wc-on--click=\"woocommerce\/product-collection::actions.viewProduct\" href=\"https:\/\/moucheandco.fr\/index.php\/produit\/barrettes\/\" target=\"_self\" >Barrettes<\/a><\/h3>\n\n<div data-block-name=\"woocommerce\/product-button\" data-is-descendent-of-query-loop=\"true\" data-style=\"{&quot;typography&quot;:{&quot;fontSize&quot;:&quot;0.8rem&quot;}}\" data-text-align=\"left\" data-width=\"50\" style=\"font-size:0.8rem;\" class=\"wp-block-button wc-block-components-product-button  has-custom-width wp-block-button__width-50 align-left wp-block-woocommerce-product-button\"\n\t\t\t\t\t\t\n\t\t\t\t\t>\n\t\t\t\t\t\t<a\n\t\t\t\t\t\t\thref=\"https:\/\/moucheandco.fr\/index.php\/produit\/barrettes\/\"\n\t\t\t\t\t\t\tclass=\"wp-block-button__link wp-element-button wc-block-components-product-button__button add_to_cart_button product_type_variable has-text-align-left wc-interactive\"\n\t\t\t\t\t\t\tstyle=\"font-size: 0.8rem;\"\n\t\t\t\t\t\t\tdata-product_id=\"693\" data-product_sku=\"\" aria-label=\"S\u00e9lectionner les options pour &ldquo;Barrettes&rdquo;\" rel=\"nofollow\"\n\t\t\t\t\t\t\t\n\t\t\t\tdata-wc-on--click=\"woocommerce\/product-collection::actions.viewProduct\"\n\t\t\t\n\t\t\t\t\t\t>\n\t\t\t\t\t\t<span > Choix des options <\/span>\n\t\t\t\t\t\t<\/a>\n\t\t\t\t\t\t\n\t\t\t\t\t<\/div>\n\t\t\t\t<\/li><\/ul>\n\t\t\t\t<div\n\t\t\t\t\tdata-wc-interactive=\"{&quot;namespace&quot;:&quot;woocommerce\/product-collection&quot;}\"\n\t\t\t\t\tclass=\"wc-block-product-collection__pagination-animation\"\n\t\t\t\t\tdata-wc-class--start-animation=\"state.startAnimation\"\n\t\t\t\t\tdata-wc-class--finish-animation=\"state.finishAnimation\">\n\t\t\t\t<\/div>\n\t\t\t\t<div\n\t\t\t\t\tdata-wc-interactive=\"{&quot;namespace&quot;:&quot;woocommerce\/product-collection&quot;}\"\n\t\t\t\t\tclass=\"screen-reader-text\"\n\t\t\t\t\taria-live=\"polite\"\n\t\t\t\t\tdata-wc-text=\"context.accessibilityMessage\">\n\t\t\t\t<\/div>\n\t\t\t<\/div><p><\/p><p><\/p><p><\/p><p><\/p>","protected":false},"excerpt":{"rendered":"<p>Bienvenue dans le bazar cr\u00e9atif de Mouche and Co ! Ici, c&rsquo;est moi, Juliette dans mon atelier, avec mon imagination un peu fofolle, mes doigts agit\u00e9s et un go\u00fbt certain pour le d\u00e9cal\u00e9. Si tu cherches des cr\u00e9ations qui sortent du lot, qui m\u00e9langent fun, l\u00e9g\u00e8ret\u00e9 et (un tout petit peu) d&rsquo;insolence, alors installe-toi, tu &hellip; <\/p>\n","protected":false},"author":1,"featured_media":0,"parent":0,"menu_order":0,"comment_status":"closed","ping_status":"closed","template":"","meta":{"footnotes":""},"class_list":["post-15","page","type-page","status-publish","hentry"],"aioseo_notices":[],"jetpack_sharing_enabled":true,"_links":{"self":[{"href":"https:\/\/moucheandco.fr\/index.php\/wp-json\/wp\/v2\/pages\/15","targetHints":{"allow":["GET"]}}],"collection":[{"href":"https:\/\/moucheandco.fr\/index.php\/wp-json\/wp\/v2\/pages"}],"about":[{"href":"https:\/\/moucheandco.fr\/index.php\/wp-json\/wp\/v2\/types\/page"}],"author":[{"embeddable":true,"href":"https:\/\/moucheandco.fr\/index.php\/wp-json\/wp\/v2\/users\/1"}],"replies":[{"embeddable":true,"href":"https:\/\/moucheandco.fr\/index.php\/wp-json\/wp\/v2\/comments?post=15"}],"version-history":[{"count":37,"href":"https:\/\/moucheandco.fr\/index.php\/wp-json\/wp\/v2\/pages\/15\/revisions"}],"predecessor-version":[{"id":892,"href":"https:\/\/moucheandco.fr\/index.php\/wp-json\/wp\/v2\/pages\/15\/revisions\/892"}],"wp:attachment":[{"href":"https:\/\/moucheandco.fr\/index.php\/wp-json\/wp\/v2\/media?parent=15"}],"curies":[{"name":"wp","href":"https:\/\/api.w.org\/{rel}","templated":true}]}}