{"id":198,"date":"2025-01-11T08:30:14","date_gmt":"2025-01-11T07:30:14","guid":{"rendered":"https:\/\/moucheandco.fr\/?page_id=198"},"modified":"2025-01-11T10:54:46","modified_gmt":"2025-01-11T09:54:46","slug":"qui-suis-je","status":"publish","type":"page","link":"https:\/\/moucheandco.fr\/index.php\/qui-suis-je\/","title":{"rendered":"Qui suis-je ?"},"content":{"rendered":"<div class=\"wp-block-media-text has-media-on-the-right is-stacked-on-mobile\"><div class=\"wp-block-media-text__content\"><div class=\"wp-block-group\"><div class=\"wp-block-group__inner-container is-layout-constrained wp-block-group-is-layout-constrained\"><h1 class=\"wp-block-heading\"><strong>Qui suis- je ?<\/strong><\/h1>\n\n<p><\/p>\n\n<p><br><\/p>\n\n<p><strong>Juliette Bingisser, cr\u00e9atrice des fils et des mots<\/strong> <em>(et accessoirement grande rigolote).<\/em><\/p>\n\n<p>Apr\u00e8s un passage par les Beaux-Arts o\u00f9 j&rsquo;ai appris \u00e0 m\u00e9langer les images, les sons, les couleurs, les id\u00e9es et parfois m\u00eame le bazar, j&rsquo;ai d\u00e9cid\u00e9 de cr\u00e9er un univers qui me ressemble : fun, color\u00e9 et surtout utile !<br>Avec du fil, des tissus et beaucoup d&rsquo;histoires, je fabrique des objets textiles r\u00e9utilisables et des objets qui ne se prennent pas au s\u00e9rieux mais qui rendent le quotidien plus l\u00e9ger et amusant.<\/p>\n\n<p><strong>Mon but ?<\/strong> Ajouter une dose d&rsquo;humour, un peu de po\u00e9sie et un gros \u00ab\u00a0fuck\u00a0\u00bb aux produits jetables pour transformer les habitudes sans perdre le sourire.<br>Alors bienvenue dans mon petit monde o\u00f9 la cr\u00e9ativit\u00e9 ne manque jamais de piquant et o\u00f9 chaque objet raconte une histoire&#8230; <\/p><\/div><\/div><\/div><figure class=\"wp-block-media-text__media\"><img loading=\"lazy\" decoding=\"async\" width=\"576\" height=\"1024\" src=\"https:\/\/moucheandco.fr\/wp-content\/uploads\/2025\/01\/1736580009456-1-576x1024.jpg\" alt=\"\" class=\"wp-image-203 size-full\" srcset=\"https:\/\/moucheandco.fr\/wp-content\/uploads\/2025\/01\/1736580009456-1-576x1024.jpg 576w, https:\/\/moucheandco.fr\/wp-content\/uploads\/2025\/01\/1736580009456-1-scaled-600x1067.jpg 600w, https:\/\/moucheandco.fr\/wp-content\/uploads\/2025\/01\/1736580009456-1-169x300.jpg 169w, https:\/\/moucheandco.fr\/wp-content\/uploads\/2025\/01\/1736580009456-1-768x1365.jpg 768w, https:\/\/moucheandco.fr\/wp-content\/uploads\/2025\/01\/1736580009456-1-864x1536.jpg 864w, https:\/\/moucheandco.fr\/wp-content\/uploads\/2025\/01\/1736580009456-1-1152x2048.jpg 1152w, https:\/\/moucheandco.fr\/wp-content\/uploads\/2025\/01\/1736580009456-1-scaled.jpg 1440w\" sizes=\"auto, (max-width: 576px) 100vw, 576px\" \/><\/figure><\/div>","protected":false},"excerpt":{"rendered":"","protected":false},"author":1,"featured_media":0,"parent":0,"menu_order":0,"comment_status":"closed","ping_status":"closed","template":"","meta":{"footnotes":""},"class_list":["post-198","page","type-page","status-publish","hentry"],"aioseo_notices":[],"jetpack_sharing_enabled":true,"_links":{"self":[{"href":"https:\/\/moucheandco.fr\/index.php\/wp-json\/wp\/v2\/pages\/198","targetHints":{"allow":["GET"]}}],"collection":[{"href":"https:\/\/moucheandco.fr\/index.php\/wp-json\/wp\/v2\/pages"}],"about":[{"href":"https:\/\/moucheandco.fr\/index.php\/wp-json\/wp\/v2\/types\/page"}],"author":[{"embeddable":true,"href":"https:\/\/moucheandco.fr\/index.php\/wp-json\/wp\/v2\/users\/1"}],"replies":[{"embeddable":true,"href":"https:\/\/moucheandco.fr\/index.php\/wp-json\/wp\/v2\/comments?post=198"}],"version-history":[{"count":7,"href":"https:\/\/moucheandco.fr\/index.php\/wp-json\/wp\/v2\/pages\/198\/revisions"}],"predecessor-version":[{"id":212,"href":"https:\/\/moucheandco.fr\/index.php\/wp-json\/wp\/v2\/pages\/198\/revisions\/212"}],"wp:attachment":[{"href":"https:\/\/moucheandco.fr\/index.php\/wp-json\/wp\/v2\/media?parent=198"}],"curies":[{"name":"wp","href":"https:\/\/api.w.org\/{rel}","templated":true}]}}