{"id":658,"date":"2025-01-30T16:13:49","date_gmt":"2025-01-30T15:13:49","guid":{"rendered":"https:\/\/moucheandco.fr\/?post_type=product&#038;p=658"},"modified":"2025-03-18T09:27:41","modified_gmt":"2025-03-18T08:27:41","slug":"bagues-rondes","status":"publish","type":"product","link":"https:\/\/moucheandco.fr\/index.php\/produit\/bagues-rondes\/","title":{"rendered":"Bagues rondes"},"content":{"rendered":"<p>\ud83d\udc49\u00a0<strong>Pourquoi elles envoient du lourd ?<\/strong><\/p>\n<ul>\n<li><strong>Cabochon de 25 mm :<\/strong>\u00a0un mini tableau d&rsquo;art \u00e0 porter au bout des doigts.<\/li>\n<li><strong>Tissu sous verre :<\/strong>\u00a0des motifs color\u00e9s et p\u00e9tillants, soigneusement choisis pour illuminer ton look.<\/li>\n<li><strong>Laiton r\u00e9glable :<\/strong>\u00a0parfait pour s&rsquo;adapter \u00e0 toi (ou \u00e0 ton humeur).<\/li>\n<\/ul>\n<p>\ud83c\udf08\u00a0<strong>Des couleurs qui claquent :<\/strong>\u00a0\u00e0 chaque bague son motif unique. Qu&rsquo;elle soit fleurie, graphique, ou un brin r\u00e9tro, elle te mettra forc\u00e9ment en valeur (et en avant).<\/p>\n<p>\ud83d\udca1\u00a0<strong>Petit conseil :<\/strong>\u00a0offre-en une \u00e0 ton amie, elle finira par te jalouser moins&#8230; ou pas.<br \/>\nAlors, pr\u00eate \u00e0 mettre un peu de Mouche and Co sur tes doigts ?<\/p>\n","protected":false},"excerpt":{"rendered":"<p><strong>Des bagues qui ont du style et du tissu plein les doigts !<\/strong><\/p>\n<p>Avec ces bagues, finis les bijoux trop s\u00e9rieux ! Ici, c&rsquo;est\u00a0<strong>fun, color\u00e9, et 100% original<\/strong>, \u00e0 l&rsquo;image de tes mains (qui m\u00e9ritent le meilleur). Support en <strong>laiton r\u00e9glable<\/strong>, elles s&rsquo;adaptent \u00e0 tous les doigts.<\/p>\n","protected":false},"featured_media":663,"comment_status":"open","ping_status":"closed","template":"","meta":[],"product_brand":[],"product_cat":[29],"product_tag":[],"class_list":{"0":"post-658","1":"product","2":"type-product","3":"status-publish","4":"has-post-thumbnail","6":"product_cat-mode-et-accessoires","8":"first","9":"instock","10":"shipping-taxable","11":"purchasable","12":"product-type-variable"},"aioseo_notices":[],"jetpack_sharing_enabled":true,"_links":{"self":[{"href":"https:\/\/moucheandco.fr\/index.php\/wp-json\/wp\/v2\/product\/658","targetHints":{"allow":["GET"]}}],"collection":[{"href":"https:\/\/moucheandco.fr\/index.php\/wp-json\/wp\/v2\/product"}],"about":[{"href":"https:\/\/moucheandco.fr\/index.php\/wp-json\/wp\/v2\/types\/product"}],"replies":[{"embeddable":true,"href":"https:\/\/moucheandco.fr\/index.php\/wp-json\/wp\/v2\/comments?post=658"}],"wp:featuredmedia":[{"embeddable":true,"href":"https:\/\/moucheandco.fr\/index.php\/wp-json\/wp\/v2\/media\/663"}],"wp:attachment":[{"href":"https:\/\/moucheandco.fr\/index.php\/wp-json\/wp\/v2\/media?parent=658"}],"wp:term":[{"taxonomy":"product_brand","embeddable":true,"href":"https:\/\/moucheandco.fr\/index.php\/wp-json\/wp\/v2\/product_brand?post=658"},{"taxonomy":"product_cat","embeddable":true,"href":"https:\/\/moucheandco.fr\/index.php\/wp-json\/wp\/v2\/product_cat?post=658"},{"taxonomy":"product_tag","embeddable":true,"href":"https:\/\/moucheandco.fr\/index.php\/wp-json\/wp\/v2\/product_tag?post=658"}],"curies":[{"name":"wp","href":"https:\/\/api.w.org\/{rel}","templated":true}]}}